{"id":285,"date":"2024-09-09T14:53:15","date_gmt":"2024-09-09T14:53:15","guid":{"rendered":"https:\/\/fabiorabelo.resultamarketing.com.br\/?page_id=285"},"modified":"2024-09-09T18:50:15","modified_gmt":"2024-09-09T18:50:15","slug":"profissional","status":"publish","type":"page","link":"https:\/\/fabiorabelo.com.br\/?page_id=285","title":{"rendered":"Profissional"},"content":{"rendered":"\t\t<div data-elementor-type=\"wp-page\" data-elementor-id=\"285\" class=\"elementor elementor-285\" data-elementor-post-type=\"page\">\n\t\t\t\t<div class=\"elementor-element elementor-element-8ee93a3 e-flex e-con-boxed e-con e-parent\" data-id=\"8ee93a3\" data-element_type=\"container\">\n\t\t\t\t\t<div class=\"e-con-inner\">\n\t\t\t\t<div class=\"elementor-element elementor-element-da6fa52 elementor-widget-divider--view-line elementor-widget elementor-widget-divider\" data-id=\"da6fa52\" data-element_type=\"widget\" data-widget_type=\"divider.default\">\n\t\t\t\t<div class=\"elementor-widget-container\">\n\t\t\t\t\t\t\t<div class=\"elementor-divider\">\n\t\t\t<span class=\"elementor-divider-separator\">\n\t\t\t\t\t\t<\/span>\n\t\t<\/div>\n\t\t\t\t\t\t<\/div>\n\t\t\t\t<\/div>\n\t\t\t\t\t<\/div>\n\t\t\t\t<\/div>\n\t\t<div class=\"elementor-element elementor-element-663232a e-flex e-con-boxed e-con e-parent\" data-id=\"663232a\" data-element_type=\"container\">\n\t\t\t\t\t<div class=\"e-con-inner\">\n\t\t\t\t<div class=\"elementor-element elementor-element-55315c1 elementor-widget elementor-widget-heading\" data-id=\"55315c1\" data-element_type=\"widget\" data-widget_type=\"heading.default\">\n\t\t\t\t<div class=\"elementor-widget-container\">\n\t\t\t\t\t<h2 class=\"elementor-heading-title elementor-size-default\">Forma\u00e7\u00e3o e aperfei\u00e7oamento<\/h2>\t\t\t\t<\/div>\n\t\t\t\t<\/div>\n\t\t\t\t<div class=\"elementor-element elementor-element-7edda59 elementor-widget elementor-widget-text-editor\" data-id=\"7edda59\" data-element_type=\"widget\" data-widget_type=\"text-editor.default\">\n\t\t\t\t<div class=\"elementor-widget-container\">\n\t\t\t\t\t\t\t\t\t<ul><li><strong>Forma\u00e7\u00e3o acad\u00eamica<\/strong>\u00a0&#8211; Medicina pela Faculdade de Medicina de Ribeir\u00e3o Preto &#8211; USP &#8211; Ribeir\u00e3o Preto<\/li><li><strong>Resid\u00eancia<\/strong>\u00a0&#8211; Otorrinolaringologia &#8211; Hospital das Clinicas de Ribeir\u00e3o Preto &#8211; USP &#8211; Ribeir\u00e3o Preto<\/li><li><strong>Doutorado<\/strong>\u00a0&#8211; \u00c1rea de Medicina do Sono &#8211;\u00a0 Faculdade de Medicina de Ribeir\u00e3o Preto &#8211; USP &#8211; Ribeir\u00e3o Preto<\/li><li>Titulo de\u00a0<strong>Especialista<\/strong>\u00a0pela Associa\u00e7\u00e3o Brasileira de Otorrinolaringologia e Cirurgia Cervico Facial (ABORL-CCF)<\/li><li>Certifica\u00e7\u00e3o em\u00a0<strong>Medicina do Sono<\/strong>\u00a0pela Associa\u00e7\u00e3o M\u00e9dica Brasileira (AMB)<\/li><li><strong>Membro<\/strong>\u00a0da \u201cInternational Surgical Sleep Society\u201d<\/li><\/ul>\t\t\t\t\t\t\t\t<\/div>\n\t\t\t\t<\/div>\n\t\t\t\t<div class=\"elementor-element elementor-element-0d36d97 elementor-widget elementor-widget-text-editor\" data-id=\"0d36d97\" data-element_type=\"widget\" data-widget_type=\"text-editor.default\">\n\t\t\t\t<div class=\"elementor-widget-container\">\n\t\t\t\t\t\t\t\t\t<p>Participa\u00e7\u00f5es em congressos, cursos, aulas e publica\u00e7\u00f5es \u2013 acessar\u00a0<em><a href=\"http:\/\/lattes.cnpq.br\/3526160049938413\">curriculum lattes<\/a>\u00a0|<a href=\"https:\/\/www.researchgate.net\/\" rel=\"nofollow\">\u00a0researchgate<\/a><\/em><\/p>\t\t\t\t\t\t\t\t<\/div>\n\t\t\t\t<\/div>\n\t\t\t\t<div class=\"elementor-element elementor-element-b374d7a elementor-widget elementor-widget-heading\" data-id=\"b374d7a\" data-element_type=\"widget\" data-widget_type=\"heading.default\">\n\t\t\t\t<div class=\"elementor-widget-container\">\n\t\t\t\t\t<h2 class=\"elementor-heading-title elementor-size-default\">Hospitais em que atua:\n<\/h2>\t\t\t\t<\/div>\n\t\t\t\t<\/div>\n\t\t\t\t<div class=\"elementor-element elementor-element-ecc6d7d elementor-widget elementor-widget-text-editor\" data-id=\"ecc6d7d\" data-element_type=\"widget\" data-widget_type=\"text-editor.default\">\n\t\t\t\t<div class=\"elementor-widget-container\">\n\t\t\t\t\t\t\t\t\t<ul><li>Hospital Samaritano S\u00e3o Paulo<\/li><li>Hospital S\u00edrio Liban\u00eas &#8211; S\u00e3o Paulo<\/li><li>Hospital Alem\u00e3o Oswaldo Cruz &#8211; S\u00e3o Paulo<\/li><li>Hospital Albert Einstein &#8211; S\u00e3o Paulo<\/li><li>Hospital S\u00e3o Camilo &#8211; Pomp\u00e9ia<\/li><li>Hospital S\u00e3o Jos\u00e9 &#8211; S\u00e3o Paulo<\/li><\/ul>\t\t\t\t\t\t\t\t<\/div>\n\t\t\t\t<\/div>\n\t\t\t\t\t<\/div>\n\t\t\t\t<\/div>\n\t\t\t\t<\/div>\n\t\t","protected":false},"excerpt":{"rendered":"<p>Forma\u00e7\u00e3o e aperfei\u00e7oamento Forma\u00e7\u00e3o acad\u00eamica\u00a0&#8211; Medicina pela Faculdade de Medicina de Ribeir\u00e3o Preto &#8211; USP &#8211; Ribeir\u00e3o Preto Resid\u00eancia\u00a0&#8211; Otorrinolaringologia &#8211; Hospital das Clinicas de Ribeir\u00e3o Preto &#8211; USP &#8211; Ribeir\u00e3o Preto Doutorado\u00a0&#8211; \u00c1rea de Medicina do Sono &#8211;\u00a0 Faculdade de Medicina de Ribeir\u00e3o Preto &#8211; USP &#8211; Ribeir\u00e3o Preto Titulo de\u00a0Especialista\u00a0pela Associa\u00e7\u00e3o Brasileira de [&hellip;]<\/p>\n","protected":false},"author":1,"featured_media":0,"parent":0,"menu_order":0,"comment_status":"closed","ping_status":"closed","template":"elementor_header_footer","meta":{"footnotes":""},"class_list":["post-285","page","type-page","status-publish","hentry"],"_links":{"self":[{"href":"https:\/\/fabiorabelo.com.br\/index.php?rest_route=\/wp\/v2\/pages\/285","targetHints":{"allow":["GET"]}}],"collection":[{"href":"https:\/\/fabiorabelo.com.br\/index.php?rest_route=\/wp\/v2\/pages"}],"about":[{"href":"https:\/\/fabiorabelo.com.br\/index.php?rest_route=\/wp\/v2\/types\/page"}],"author":[{"embeddable":true,"href":"https:\/\/fabiorabelo.com.br\/index.php?rest_route=\/wp\/v2\/users\/1"}],"replies":[{"embeddable":true,"href":"https:\/\/fabiorabelo.com.br\/index.php?rest_route=%2Fwp%2Fv2%2Fcomments&post=285"}],"version-history":[{"count":4,"href":"https:\/\/fabiorabelo.com.br\/index.php?rest_route=\/wp\/v2\/pages\/285\/revisions"}],"predecessor-version":[{"id":333,"href":"https:\/\/fabiorabelo.com.br\/index.php?rest_route=\/wp\/v2\/pages\/285\/revisions\/333"}],"wp:attachment":[{"href":"https:\/\/fabiorabelo.com.br\/index.php?rest_route=%2Fwp%2Fv2%2Fmedia&parent=285"}],"curies":[{"name":"wp","href":"https:\/\/api.w.org\/{rel}","templated":true}]}}