{"id":286,"date":"2024-09-09T14:53:34","date_gmt":"2024-09-09T14:53:34","guid":{"rendered":"https:\/\/fabiorabelo.resultamarketing.com.br\/?page_id=286"},"modified":"2024-09-09T19:01:27","modified_gmt":"2024-09-09T19:01:27","slug":"informacao-ao-paciente","status":"publish","type":"page","link":"https:\/\/fabiorabelo.com.br\/?page_id=286","title":{"rendered":"Informa\u00e7\u00e3o ao Paciente"},"content":{"rendered":"\t\t<div data-elementor-type=\"wp-page\" data-elementor-id=\"286\" class=\"elementor elementor-286\" data-elementor-post-type=\"page\">\n\t\t\t\t<div class=\"elementor-element elementor-element-528b982 e-flex e-con-boxed e-con e-parent\" data-id=\"528b982\" data-element_type=\"container\">\n\t\t\t\t\t<div class=\"e-con-inner\">\n\t\t\t\t<div class=\"elementor-element elementor-element-81cde94 elementor-widget-divider--view-line elementor-widget elementor-widget-divider\" data-id=\"81cde94\" data-element_type=\"widget\" data-widget_type=\"divider.default\">\n\t\t\t\t<div class=\"elementor-widget-container\">\n\t\t\t\t\t\t\t<div class=\"elementor-divider\">\n\t\t\t<span class=\"elementor-divider-separator\">\n\t\t\t\t\t\t<\/span>\n\t\t<\/div>\n\t\t\t\t\t\t<\/div>\n\t\t\t\t<\/div>\n\t\t\t\t\t<\/div>\n\t\t\t\t<\/div>\n\t\t<div class=\"elementor-element elementor-element-c2322d0 e-flex e-con-boxed e-con e-parent\" data-id=\"c2322d0\" data-element_type=\"container\">\n\t\t\t\t\t<div class=\"e-con-inner\">\n\t\t\t\t<div class=\"elementor-element elementor-element-34f08c5 elementor-widget elementor-widget-heading\" data-id=\"34f08c5\" data-element_type=\"widget\" data-widget_type=\"heading.default\">\n\t\t\t\t<div class=\"elementor-widget-container\">\n\t\t\t\t\t<h2 class=\"elementor-heading-title elementor-size-default\">Informa\u00e7\u00f5es ao Paciente\n<\/h2>\t\t\t\t<\/div>\n\t\t\t\t<\/div>\n\t\t\t\t<div class=\"elementor-element elementor-element-129e7c0 elementor-widget elementor-widget-heading\" data-id=\"129e7c0\" data-element_type=\"widget\" data-widget_type=\"heading.default\">\n\t\t\t\t<div class=\"elementor-widget-container\">\n\t\t\t\t\t<h2 class=\"elementor-heading-title elementor-size-default\">Atendimento em Otorrinolaringologia geral, adultos e crian\u00e7as.<br>\nEspecializa\u00e7\u00e3o em Medicina do Sono com foco em ronco e apn\u00e9ia do sono - tratamento cl\u00ednico e cir\u00fargico.<\/h2>\t\t\t\t<\/div>\n\t\t\t\t<\/div>\n\t\t\t\t\t<\/div>\n\t\t\t\t<\/div>\n\t\t<div class=\"elementor-element elementor-element-f64c0da e-flex e-con-boxed e-con e-parent\" data-id=\"f64c0da\" data-element_type=\"container\">\n\t\t\t\t\t<div class=\"e-con-inner\">\n\t\t<div class=\"elementor-element elementor-element-ae77677 e-con-full e-flex e-con e-child\" data-id=\"ae77677\" data-element_type=\"container\">\n\t\t\t\t<div class=\"elementor-element elementor-element-cf909b5 elementor-widget elementor-widget-heading\" data-id=\"cf909b5\" data-element_type=\"widget\" data-widget_type=\"heading.default\">\n\t\t\t\t<div class=\"elementor-widget-container\">\n\t\t\t\t\t<h2 class=\"elementor-heading-title elementor-size-default\">Nariz<\/h2>\t\t\t\t<\/div>\n\t\t\t\t<\/div>\n\t\t\t\t<div class=\"elementor-element elementor-element-edaf945 elementor-widget elementor-widget-text-editor\" data-id=\"edaf945\" data-element_type=\"widget\" data-widget_type=\"text-editor.default\">\n\t\t\t\t<div class=\"elementor-widget-container\">\n\t\t\t\t\t\t\t\t\t<ul><li>Rinites Desvio do Septo Nasal<\/li><li>Rinossinusites<\/li><li>Hipertrofia de Aden\u00f3ide<\/li><li>Perda de Olfato<\/li><\/ul>\t\t\t\t\t\t\t\t<\/div>\n\t\t\t\t<\/div>\n\t\t\t\t<\/div>\n\t\t<div class=\"elementor-element elementor-element-d8bacc6 e-con-full e-flex e-con e-child\" data-id=\"d8bacc6\" data-element_type=\"container\">\n\t\t\t\t<div class=\"elementor-element elementor-element-9e24d1f elementor-widget elementor-widget-heading\" data-id=\"9e24d1f\" data-element_type=\"widget\" data-widget_type=\"heading.default\">\n\t\t\t\t<div class=\"elementor-widget-container\">\n\t\t\t\t\t<h2 class=\"elementor-heading-title elementor-size-default\">Ouvido<\/h2>\t\t\t\t<\/div>\n\t\t\t\t<\/div>\n\t\t\t\t<div class=\"elementor-element elementor-element-446bac0 elementor-widget elementor-widget-text-editor\" data-id=\"446bac0\" data-element_type=\"widget\" data-widget_type=\"text-editor.default\">\n\t\t\t\t<div class=\"elementor-widget-container\">\n\t\t\t\t\t\t\t\t\t<ul><li>Dor de ouvido (otites)<\/li><li>Perda de audi\u00e7\u00e3o<\/li><li>Tonturas (labirintopatias)<\/li><li>Zumbido.<\/li><\/ul>\t\t\t\t\t\t\t\t<\/div>\n\t\t\t\t<\/div>\n\t\t\t\t<\/div>\n\t\t\t\t\t<\/div>\n\t\t\t\t<\/div>\n\t\t<div class=\"elementor-element elementor-element-d4a66eb e-flex e-con-boxed e-con e-parent\" data-id=\"d4a66eb\" data-element_type=\"container\">\n\t\t\t\t\t<div class=\"e-con-inner\">\n\t\t<div class=\"elementor-element elementor-element-55a92e9 e-con-full e-flex e-con e-child\" data-id=\"55a92e9\" data-element_type=\"container\">\n\t\t\t\t<div class=\"elementor-element elementor-element-643d43c elementor-widget elementor-widget-heading\" data-id=\"643d43c\" data-element_type=\"widget\" data-widget_type=\"heading.default\">\n\t\t\t\t<div class=\"elementor-widget-container\">\n\t\t\t\t\t<h2 class=\"elementor-heading-title elementor-size-default\">Faringe\n<\/h2>\t\t\t\t<\/div>\n\t\t\t\t<\/div>\n\t\t\t\t<div class=\"elementor-element elementor-element-2c60d23 elementor-widget elementor-widget-text-editor\" data-id=\"2c60d23\" data-element_type=\"widget\" data-widget_type=\"text-editor.default\">\n\t\t\t\t<div class=\"elementor-widget-container\">\n\t\t\t\t\t\t\t\t\t<ul><li>Dor de garganta<\/li><li>Amigdalites<\/li><li>Halitose<\/li><\/ul>\t\t\t\t\t\t\t\t<\/div>\n\t\t\t\t<\/div>\n\t\t\t\t<\/div>\n\t\t<div class=\"elementor-element elementor-element-6fa8be4 e-con-full e-flex e-con e-child\" data-id=\"6fa8be4\" data-element_type=\"container\">\n\t\t\t\t<div class=\"elementor-element elementor-element-0cfe949 elementor-widget elementor-widget-heading\" data-id=\"0cfe949\" data-element_type=\"widget\" data-widget_type=\"heading.default\">\n\t\t\t\t<div class=\"elementor-widget-container\">\n\t\t\t\t\t<h2 class=\"elementor-heading-title elementor-size-default\">Laringe<\/h2>\t\t\t\t<\/div>\n\t\t\t\t<\/div>\n\t\t\t\t<div class=\"elementor-element elementor-element-e7de050 elementor-widget elementor-widget-text-editor\" data-id=\"e7de050\" data-element_type=\"widget\" data-widget_type=\"text-editor.default\">\n\t\t\t\t<div class=\"elementor-widget-container\">\n\t\t\t\t\t\t\t\t\t<ul><li>Altera\u00e7\u00f5es da voz<\/li><li>Rouquid\u00e3o<\/li><li>Engasgos<\/li><li>Pigarros.<\/li><\/ul>\t\t\t\t\t\t\t\t<\/div>\n\t\t\t\t<\/div>\n\t\t\t\t<\/div>\n\t\t\t\t\t<\/div>\n\t\t\t\t<\/div>\n\t\t<div class=\"elementor-element elementor-element-7926587 e-flex e-con-boxed e-con e-parent\" data-id=\"7926587\" data-element_type=\"container\">\n\t\t\t\t\t<div class=\"e-con-inner\">\n\t\t<div class=\"elementor-element elementor-element-b78bb51 e-con-full e-flex e-con e-child\" data-id=\"b78bb51\" data-element_type=\"container\">\n\t\t\t\t<div class=\"elementor-element elementor-element-cf0a9e0 elementor-widget elementor-widget-heading\" data-id=\"cf0a9e0\" data-element_type=\"widget\" data-widget_type=\"heading.default\">\n\t\t\t\t<div class=\"elementor-widget-container\">\n\t\t\t\t\t<h2 class=\"elementor-heading-title elementor-size-default\">Medicina do Sono\n<\/h2>\t\t\t\t<\/div>\n\t\t\t\t<\/div>\n\t\t\t\t<div class=\"elementor-element elementor-element-63e3a83 elementor-widget elementor-widget-text-editor\" data-id=\"63e3a83\" data-element_type=\"widget\" data-widget_type=\"text-editor.default\">\n\t\t\t\t<div class=\"elementor-widget-container\">\n\t\t\t\t\t\t\t\t\t<ul><li>Ronco<\/li><li>Apneia do sono<\/li><li>Tratamento Cl\u00ednico e Cir\u00fargico para ambos<\/li><\/ul>\t\t\t\t\t\t\t\t<\/div>\n\t\t\t\t<\/div>\n\t\t\t\t<\/div>\n\t\t<div class=\"elementor-element elementor-element-9faee86 e-con-full e-flex e-con e-child\" data-id=\"9faee86\" data-element_type=\"container\">\n\t\t\t\t<div class=\"elementor-element elementor-element-c10b407 elementor-widget elementor-widget-heading\" data-id=\"c10b407\" data-element_type=\"widget\" data-widget_type=\"heading.default\">\n\t\t\t\t<div class=\"elementor-widget-container\">\n\t\t\t\t\t<h2 class=\"elementor-heading-title elementor-size-default\">Orienta\u00e7\u00f5es Cir\u00fargicas\n<\/h2>\t\t\t\t<\/div>\n\t\t\t\t<\/div>\n\t\t\t\t<div class=\"elementor-element elementor-element-3c6306c elementor-widget elementor-widget-text-editor\" data-id=\"3c6306c\" data-element_type=\"widget\" data-widget_type=\"text-editor.default\">\n\t\t\t\t<div class=\"elementor-widget-container\">\n\t\t\t\t\t\t\t\t\t<ul><li>Termos de consentimento e orienta\u00e7\u00f5es (cuidados) para cirurgias<\/li><\/ul>\t\t\t\t\t\t\t\t<\/div>\n\t\t\t\t<\/div>\n\t\t\t\t<\/div>\n\t\t\t\t\t<\/div>\n\t\t\t\t<\/div>\n\t\t\t\t<\/div>\n\t\t","protected":false},"excerpt":{"rendered":"<p>Informa\u00e7\u00f5es ao Paciente Atendimento em Otorrinolaringologia geral, adultos e crian\u00e7as. Especializa\u00e7\u00e3o em Medicina do Sono com foco em ronco e apn\u00e9ia do sono &#8211; tratamento cl\u00ednico e cir\u00fargico. Nariz Rinites Desvio do Septo Nasal Rinossinusites Hipertrofia de Aden\u00f3ide Perda de Olfato Ouvido Dor de ouvido (otites) Perda de audi\u00e7\u00e3o Tonturas (labirintopatias) Zumbido. Faringe Dor de [&hellip;]<\/p>\n","protected":false},"author":1,"featured_media":0,"parent":0,"menu_order":0,"comment_status":"closed","ping_status":"closed","template":"elementor_header_footer","meta":{"footnotes":""},"class_list":["post-286","page","type-page","status-publish","hentry"],"_links":{"self":[{"href":"https:\/\/fabiorabelo.com.br\/index.php?rest_route=\/wp\/v2\/pages\/286","targetHints":{"allow":["GET"]}}],"collection":[{"href":"https:\/\/fabiorabelo.com.br\/index.php?rest_route=\/wp\/v2\/pages"}],"about":[{"href":"https:\/\/fabiorabelo.com.br\/index.php?rest_route=\/wp\/v2\/types\/page"}],"author":[{"embeddable":true,"href":"https:\/\/fabiorabelo.com.br\/index.php?rest_route=\/wp\/v2\/users\/1"}],"replies":[{"embeddable":true,"href":"https:\/\/fabiorabelo.com.br\/index.php?rest_route=%2Fwp%2Fv2%2Fcomments&post=286"}],"version-history":[{"count":7,"href":"https:\/\/fabiorabelo.com.br\/index.php?rest_route=\/wp\/v2\/pages\/286\/revisions"}],"predecessor-version":[{"id":340,"href":"https:\/\/fabiorabelo.com.br\/index.php?rest_route=\/wp\/v2\/pages\/286\/revisions\/340"}],"wp:attachment":[{"href":"https:\/\/fabiorabelo.com.br\/index.php?rest_route=%2Fwp%2Fv2%2Fmedia&parent=286"}],"curies":[{"name":"wp","href":"https:\/\/api.w.org\/{rel}","templated":true}]}}