{"id":287,"date":"2024-09-09T14:53:45","date_gmt":"2024-09-09T14:53:45","guid":{"rendered":"https:\/\/fabiorabelo.resultamarketing.com.br\/?page_id=287"},"modified":"2024-09-09T19:30:58","modified_gmt":"2024-09-09T19:30:58","slug":"procedimentos","status":"publish","type":"page","link":"https:\/\/fabiorabelo.com.br\/?page_id=287","title":{"rendered":"Procedimentos"},"content":{"rendered":"\t\t<div data-elementor-type=\"wp-page\" data-elementor-id=\"287\" class=\"elementor elementor-287\" data-elementor-post-type=\"page\">\n\t\t\t\t<div class=\"elementor-element elementor-element-6a52560 e-flex e-con-boxed e-con e-parent\" data-id=\"6a52560\" data-element_type=\"container\">\n\t\t\t\t\t<div class=\"e-con-inner\">\n\t\t<div class=\"elementor-element elementor-element-6499dd4 e-con-full e-flex e-con e-child\" data-id=\"6499dd4\" data-element_type=\"container\" data-settings=\"{&quot;background_background&quot;:&quot;classic&quot;}\">\n\t\t\t\t<div class=\"elementor-element elementor-element-dc04d29 elementor-widget elementor-widget-text-editor\" data-id=\"dc04d29\" data-element_type=\"widget\" data-widget_type=\"text-editor.default\">\n\t\t\t\t<div class=\"elementor-widget-container\">\n\t\t\t\t\t\t\t\t\t<p>Determinados sintomas e doen\u00e7as necessitam de tratamento cir\u00fargico.<\/p>\t\t\t\t\t\t\t\t<\/div>\n\t\t\t\t<\/div>\n\t\t\t\t<div class=\"elementor-element elementor-element-c2e2d72 elementor-widget elementor-widget-text-editor\" data-id=\"c2e2d72\" data-element_type=\"widget\" data-widget_type=\"text-editor.default\">\n\t\t\t\t<div class=\"elementor-widget-container\">\n\t\t\t\t\t\t\t\t\t<div id=\"av_section_1\" class=\"avia-section footer_color avia-section-default avia-no-shadow avia-bg-style-scroll  avia-builder-el-0  el_before_av_layout_row  avia-builder-el-first  container_wrap fullsize\"><div class=\"container\"><main class=\"template-page content  av-content-full alpha units\" role=\"main\"><div class=\"post-entry post-entry-type-page post-entry-90\"><div class=\"entry-content-wrapper clearfix\"><section class=\"av_textblock_section\"><div class=\"avia_textblock \"><h3><strong>Quando decidir sobre a cirurgia, atentar para as diferen\u00e7as de t\u00e9cnicas e cuidados necess\u00e1rios no p\u00f3s-operat\u00f3rio.<\/strong><\/h3><\/div><\/section><\/div><\/div><\/main><\/div><\/div><div id=\"av-layout-grid-1\" class=\"av-layout-grid-container entry-content-wrapper main_color av-flex-cells av-border-cells avia-builder-el-2  el_after_av_section  avia-builder-el-last  submenu-not-first container_wrap fullsize\"><div class=\"flex_cell no_margin av_two_third  avia-builder-el-3  el_before_av_cell_one_third  avia-builder-el-first   \"><div class=\"flex_cell_inner\"><div class=\"flex_column av_one_half av-animated-generic fade-in flex_column_div first avia-builder-el-4 el_before_av_one_half avia-builder-el-first avia_start_animation avia_start_delayed_animation\"><section class=\"av_textblock_section\"><div class=\"avia_textblock \">\u00a0<\/div><\/section><\/div><\/div><\/div><\/div>\t\t\t\t\t\t\t\t<\/div>\n\t\t\t\t<\/div>\n\t\t\t\t<\/div>\n\t\t\t\t\t<\/div>\n\t\t\t\t<\/div>\n\t\t<div class=\"elementor-element elementor-element-fe45980 e-flex e-con-boxed e-con e-parent\" data-id=\"fe45980\" data-element_type=\"container\">\n\t\t\t\t\t<div class=\"e-con-inner\">\n\t\t<div class=\"elementor-element elementor-element-5c56de9 e-con-full e-flex e-con e-child\" data-id=\"5c56de9\" data-element_type=\"container\">\n\t\t\t\t<div class=\"elementor-element elementor-element-b3c52c2 elementor-grid-2 elementor-grid-tablet-2 elementor-grid-mobile-1 elementor-posts--thumbnail-top elementor-widget elementor-widget-posts\" data-id=\"b3c52c2\" data-element_type=\"widget\" data-settings=\"{&quot;classic_columns&quot;:&quot;2&quot;,&quot;classic_columns_tablet&quot;:&quot;2&quot;,&quot;classic_columns_mobile&quot;:&quot;1&quot;,&quot;classic_row_gap&quot;:{&quot;unit&quot;:&quot;px&quot;,&quot;size&quot;:35,&quot;sizes&quot;:[]},&quot;classic_row_gap_tablet&quot;:{&quot;unit&quot;:&quot;px&quot;,&quot;size&quot;:&quot;&quot;,&quot;sizes&quot;:[]},&quot;classic_row_gap_mobile&quot;:{&quot;unit&quot;:&quot;px&quot;,&quot;size&quot;:&quot;&quot;,&quot;sizes&quot;:[]}}\" data-widget_type=\"posts.classic\">\n\t\t\t\t<div class=\"elementor-widget-container\">\n\t\t\t\t\t\t\t<div class=\"elementor-posts-container elementor-posts elementor-posts--skin-classic elementor-grid\">\n\t\t\t\t<article class=\"elementor-post elementor-grid-item post-141 post type-post status-publish format-standard hentry category-procedimento\">\n\t\t\t\t<div class=\"elementor-post__text\">\n\t\t\t\t<h3 class=\"elementor-post__title\">\n\t\t\t<a href=\"https:\/\/fabiorabelo.com.br\/?p=141\" >\n\t\t\t\tMicrocirurgia de Laringe\t\t\t<\/a>\n\t\t<\/h3>\n\t\t\t\t<div class=\"elementor-post__excerpt\">\n\t\t\t<p>A maioria dos problemas vocais s\u00e3o tratados clinicamente com fonoterapia,<\/p>\n\t\t<\/div>\n\t\t\t\t\t<div class=\"elementor-post__read-more-wrapper\">\n\t\t\n\t\t<a class=\"elementor-post__read-more\" href=\"https:\/\/fabiorabelo.com.br\/?p=141\" aria-label=\"Read more about Microcirurgia de Laringe\" tabindex=\"-1\" >\n\t\t\tLer mais\t\t<\/a>\n\n\t\t\t\t\t<\/div>\n\t\t\t\t<\/div>\n\t\t\t\t<\/article>\n\t\t\t\t<article class=\"elementor-post elementor-grid-item post-136 post type-post status-publish format-standard hentry category-procedimento\">\n\t\t\t\t<div class=\"elementor-post__text\">\n\t\t\t\t<h3 class=\"elementor-post__title\">\n\t\t\t<a href=\"https:\/\/fabiorabelo.com.br\/?p=136\" >\n\t\t\t\tUvulopalatofaringoplastia\t\t\t<\/a>\n\t\t<\/h3>\n\t\t\t\t<div class=\"elementor-post__excerpt\">\n\t\t\t<p>Pacientes portadores de roncos e apn\u00e9ia do sono apresentam alguma<\/p>\n\t\t<\/div>\n\t\t\t\t\t<div class=\"elementor-post__read-more-wrapper\">\n\t\t\n\t\t<a class=\"elementor-post__read-more\" href=\"https:\/\/fabiorabelo.com.br\/?p=136\" aria-label=\"Read more about Uvulopalatofaringoplastia\" tabindex=\"-1\" >\n\t\t\tLer mais\t\t<\/a>\n\n\t\t\t\t\t<\/div>\n\t\t\t\t<\/div>\n\t\t\t\t<\/article>\n\t\t\t\t<article class=\"elementor-post elementor-grid-item post-135 post type-post status-publish format-standard hentry category-procedimento\">\n\t\t\t\t<div class=\"elementor-post__text\">\n\t\t\t\t<h3 class=\"elementor-post__title\">\n\t\t\t<a href=\"https:\/\/fabiorabelo.com.br\/?p=135\" >\n\t\t\t\tTimpanotomia \/ Coloca\u00e7\u00e3o de tubo de ventila\u00e7\u00e3o\t\t\t<\/a>\n\t\t<\/h3>\n\t\t\t\t<div class=\"elementor-post__excerpt\">\n\t\t\t<p>Procedimento realizado em pacientes com otites recorrentes ou que apresentam<\/p>\n\t\t<\/div>\n\t\t\t\t\t<div class=\"elementor-post__read-more-wrapper\">\n\t\t\n\t\t<a class=\"elementor-post__read-more\" href=\"https:\/\/fabiorabelo.com.br\/?p=135\" aria-label=\"Read more about Timpanotomia \/ Coloca\u00e7\u00e3o de tubo de ventila\u00e7\u00e3o\" tabindex=\"-1\" >\n\t\t\tLer mais\t\t<\/a>\n\n\t\t\t\t\t<\/div>\n\t\t\t\t<\/div>\n\t\t\t\t<\/article>\n\t\t\t\t<article class=\"elementor-post elementor-grid-item post-133 post type-post status-publish format-standard hentry category-procedimento\">\n\t\t\t\t<div class=\"elementor-post__text\">\n\t\t\t\t<h3 class=\"elementor-post__title\">\n\t\t\t<a href=\"https:\/\/fabiorabelo.com.br\/?p=133\" >\n\t\t\t\tAdenoidectomia\t\t\t<\/a>\n\t\t<\/h3>\n\t\t\t\t<div class=\"elementor-post__excerpt\">\n\t\t\t<p>Quando a tonsila far\u00edngea (Aden\u00f3ide, erroneamente chamada de carne esponjosa)<\/p>\n\t\t<\/div>\n\t\t\t\t\t<div class=\"elementor-post__read-more-wrapper\">\n\t\t\n\t\t<a class=\"elementor-post__read-more\" href=\"https:\/\/fabiorabelo.com.br\/?p=133\" aria-label=\"Read more about Adenoidectomia\" tabindex=\"-1\" >\n\t\t\tLer mais\t\t<\/a>\n\n\t\t\t\t\t<\/div>\n\t\t\t\t<\/div>\n\t\t\t\t<\/article>\n\t\t\t\t<article class=\"elementor-post elementor-grid-item post-138 post type-post status-publish format-standard hentry category-procedimento\">\n\t\t\t\t<div class=\"elementor-post__text\">\n\t\t\t\t<h3 class=\"elementor-post__title\">\n\t\t\t<a href=\"https:\/\/fabiorabelo.com.br\/?p=138\" >\n\t\t\t\tAmigdalectomia \/ Retirada das Am\u00edgdalas\t\t\t<\/a>\n\t\t<\/h3>\n\t\t\t\t<div class=\"elementor-post__excerpt\">\n\t\t\t<p>Aumento das am\u00edgdalas: \u00a0As am\u00edgdalas palatinas s\u00e3o tecidos linf\u00f3ides que<\/p>\n\t\t<\/div>\n\t\t\t\t\t<div class=\"elementor-post__read-more-wrapper\">\n\t\t\n\t\t<a class=\"elementor-post__read-more\" href=\"https:\/\/fabiorabelo.com.br\/?p=138\" aria-label=\"Read more about Amigdalectomia \/ Retirada das Am\u00edgdalas\" tabindex=\"-1\" >\n\t\t\tLer mais\t\t<\/a>\n\n\t\t\t\t\t<\/div>\n\t\t\t\t<\/div>\n\t\t\t\t<\/article>\n\t\t\t\t<article class=\"elementor-post elementor-grid-item post-139 post type-post status-publish format-standard hentry category-procedimento\">\n\t\t\t\t<div class=\"elementor-post__text\">\n\t\t\t\t<h3 class=\"elementor-post__title\">\n\t\t\t<a href=\"https:\/\/fabiorabelo.com.br\/?p=139\" >\n\t\t\t\tOtoplastia \/ Orelha em Abano\t\t\t<\/a>\n\t\t<\/h3>\n\t\t\t\t<div class=\"elementor-post__excerpt\">\n\t\t\t<p>A orelha em abano ou orelhas proeminentes pode trazer desconforto<\/p>\n\t\t<\/div>\n\t\t\t\t\t<div class=\"elementor-post__read-more-wrapper\">\n\t\t\n\t\t<a class=\"elementor-post__read-more\" href=\"https:\/\/fabiorabelo.com.br\/?p=139\" aria-label=\"Read more about Otoplastia \/ Orelha em Abano\" tabindex=\"-1\" >\n\t\t\tLer mais\t\t<\/a>\n\n\t\t\t\t\t<\/div>\n\t\t\t\t<\/div>\n\t\t\t\t<\/article>\n\t\t\t\t<article class=\"elementor-post elementor-grid-item post-140 post type-post status-publish format-standard hentry category-procedimento\">\n\t\t\t\t<div class=\"elementor-post__text\">\n\t\t\t\t<h3 class=\"elementor-post__title\">\n\t\t\t<a href=\"https:\/\/fabiorabelo.com.br\/?p=140\" >\n\t\t\t\tRinoplastia Funcional\t\t\t<\/a>\n\t\t<\/h3>\n\t\t\t\t<div class=\"elementor-post__excerpt\">\n\t\t\t<p>Varia\u00e7\u00f5es das estruturas internas nasais podem estar associadas \u00e0 obstru\u00e7\u00e3o<\/p>\n\t\t<\/div>\n\t\t\t\t\t<div class=\"elementor-post__read-more-wrapper\">\n\t\t\n\t\t<a class=\"elementor-post__read-more\" href=\"https:\/\/fabiorabelo.com.br\/?p=140\" aria-label=\"Read more about Rinoplastia Funcional\" tabindex=\"-1\" >\n\t\t\tLer mais\t\t<\/a>\n\n\t\t\t\t\t<\/div>\n\t\t\t\t<\/div>\n\t\t\t\t<\/article>\n\t\t\t\t<article class=\"elementor-post elementor-grid-item post-137 post type-post status-publish format-standard hentry category-procedimento\">\n\t\t\t\t<div class=\"elementor-post__text\">\n\t\t\t\t<h3 class=\"elementor-post__title\">\n\t\t\t<a href=\"https:\/\/fabiorabelo.com.br\/?p=137\" >\n\t\t\t\tCirurgia Endosc\u00f3pica dos Seios Paranasais \/ Cirurgia para Sinusite\t\t\t<\/a>\n\t\t<\/h3>\n\t\t\t\t<div class=\"elementor-post__excerpt\">\n\t\t\t<p>Pacientes com sinusite (rinossinusite) podem apresentar sintomatologia variada, desde quadros<\/p>\n\t\t<\/div>\n\t\t\t\t\t<div class=\"elementor-post__read-more-wrapper\">\n\t\t\n\t\t<a class=\"elementor-post__read-more\" href=\"https:\/\/fabiorabelo.com.br\/?p=137\" aria-label=\"Read more about Cirurgia Endosc\u00f3pica dos Seios Paranasais \/ Cirurgia para Sinusite\" tabindex=\"-1\" >\n\t\t\tLer mais\t\t<\/a>\n\n\t\t\t\t\t<\/div>\n\t\t\t\t<\/div>\n\t\t\t\t<\/article>\n\t\t\t\t<article class=\"elementor-post elementor-grid-item post-134 post type-post status-publish format-standard hentry category-procedimento\">\n\t\t\t\t<div class=\"elementor-post__text\">\n\t\t\t\t<h3 class=\"elementor-post__title\">\n\t\t\t<a href=\"https:\/\/fabiorabelo.com.br\/?p=134\" >\n\t\t\t\tRedu\u00e7\u00e3o de Cornetos \/ Carne esponjosa \/ Turbinoplastia\t\t\t<\/a>\n\t\t<\/h3>\n\t\t\t\t<div class=\"elementor-post__excerpt\">\n\t\t\t<p>No paciente que apresenta obstru\u00e7\u00e3o nasal, independente da idade, \u00e9<\/p>\n\t\t<\/div>\n\t\t\t\t\t<div class=\"elementor-post__read-more-wrapper\">\n\t\t\n\t\t<a class=\"elementor-post__read-more\" href=\"https:\/\/fabiorabelo.com.br\/?p=134\" aria-label=\"Read more about Redu\u00e7\u00e3o de Cornetos \/ Carne esponjosa \/ Turbinoplastia\" tabindex=\"-1\" >\n\t\t\tLer mais\t\t<\/a>\n\n\t\t\t\t\t<\/div>\n\t\t\t\t<\/div>\n\t\t\t\t<\/article>\n\t\t\t\t<article class=\"elementor-post elementor-grid-item post-132 post type-post status-publish format-standard hentry category-procedimento\">\n\t\t\t\t<div class=\"elementor-post__text\">\n\t\t\t\t<h3 class=\"elementor-post__title\">\n\t\t\t<a href=\"https:\/\/fabiorabelo.com.br\/?p=132\" >\n\t\t\t\tSeptoplastia \/ Desvio de septo\t\t\t<\/a>\n\t\t<\/h3>\n\t\t\t\t<div class=\"elementor-post__excerpt\">\n\t\t\t<p>Desvios do septo nasal s\u00e3o altera\u00e7\u00f5es frequentemente encontradas, por\u00e9m somente<\/p>\n\t\t<\/div>\n\t\t\t\t\t<div class=\"elementor-post__read-more-wrapper\">\n\t\t\n\t\t<a class=\"elementor-post__read-more\" href=\"https:\/\/fabiorabelo.com.br\/?p=132\" aria-label=\"Read more about Septoplastia \/ Desvio de septo\" tabindex=\"-1\" >\n\t\t\tLer mais\t\t<\/a>\n\n\t\t\t\t\t<\/div>\n\t\t\t\t<\/div>\n\t\t\t\t<\/article>\n\t\t\t\t<\/div>\n\t\t\n\t\t\t\t\t\t<\/div>\n\t\t\t\t<\/div>\n\t\t\t\t<\/div>\n\t\t<div class=\"elementor-element elementor-element-67d49d1 e-con-full e-flex e-con e-child\" data-id=\"67d49d1\" data-element_type=\"container\">\n\t\t<div class=\"elementor-element elementor-element-20d663e e-con-full e-flex e-con e-child\" data-id=\"20d663e\" data-element_type=\"container\">\n\t\t\t\t<div class=\"elementor-element elementor-element-88f92d9 elementor-widget elementor-widget-heading\" data-id=\"88f92d9\" data-element_type=\"widget\" data-widget_type=\"heading.default\">\n\t\t\t\t<div class=\"elementor-widget-container\">\n\t\t\t\t\t<h2 class=\"elementor-heading-title elementor-size-default\">DICAS RECENTES<\/h2>\t\t\t\t<\/div>\n\t\t\t\t<\/div>\n\t\t\t\t<div class=\"elementor-element elementor-element-3b46e72 elementor-grid-1 elementor-posts--thumbnail-none elementor-grid-tablet-2 elementor-grid-mobile-1 elementor-widget elementor-widget-posts\" data-id=\"3b46e72\" data-element_type=\"widget\" data-settings=\"{&quot;classic_columns&quot;:&quot;1&quot;,&quot;classic_row_gap&quot;:{&quot;unit&quot;:&quot;px&quot;,&quot;size&quot;:16,&quot;sizes&quot;:[]},&quot;classic_columns_tablet&quot;:&quot;2&quot;,&quot;classic_columns_mobile&quot;:&quot;1&quot;,&quot;classic_row_gap_tablet&quot;:{&quot;unit&quot;:&quot;px&quot;,&quot;size&quot;:&quot;&quot;,&quot;sizes&quot;:[]},&quot;classic_row_gap_mobile&quot;:{&quot;unit&quot;:&quot;px&quot;,&quot;size&quot;:&quot;&quot;,&quot;sizes&quot;:[]}}\" data-widget_type=\"posts.classic\">\n\t\t\t\t<div class=\"elementor-widget-container\">\n\t\t\t\t\t\t\t<div class=\"elementor-posts-container elementor-posts elementor-posts--skin-classic elementor-grid\">\n\t\t\t\t<article class=\"elementor-post elementor-grid-item post-279 post type-post status-publish format-standard has-post-thumbnail hentry category-dica\">\n\t\t\t\t<div class=\"elementor-post__text\">\n\t\t\t\t<h3 class=\"elementor-post__title\">\n\t\t\t<a href=\"https:\/\/fabiorabelo.com.br\/?p=279\" >\n\t\t\t\tRinite do Atleta\t\t\t<\/a>\n\t\t<\/h3>\n\t\t\t\t<\/div>\n\t\t\t\t<\/article>\n\t\t\t\t<article class=\"elementor-post elementor-grid-item post-277 post type-post status-publish format-standard has-post-thumbnail hentry category-dica\">\n\t\t\t\t<div class=\"elementor-post__text\">\n\t\t\t\t<h3 class=\"elementor-post__title\">\n\t\t\t<a href=\"https:\/\/fabiorabelo.com.br\/?p=277\" >\n\t\t\t\tRinite Al\u00e9rgica \u2013 Medidas de Preven\u00e7\u00e3o\t\t\t<\/a>\n\t\t<\/h3>\n\t\t\t\t<\/div>\n\t\t\t\t<\/article>\n\t\t\t\t<article class=\"elementor-post elementor-grid-item post-274 post type-post status-publish format-standard has-post-thumbnail hentry category-dica\">\n\t\t\t\t<div class=\"elementor-post__text\">\n\t\t\t\t<h3 class=\"elementor-post__title\">\n\t\t\t<a href=\"https:\/\/fabiorabelo.com.br\/?p=274\" >\n\t\t\t\tRinite Al\u00e9rgica\t\t\t<\/a>\n\t\t<\/h3>\n\t\t\t\t<\/div>\n\t\t\t\t<\/article>\n\t\t\t\t<article class=\"elementor-post elementor-grid-item post-271 post type-post status-publish format-standard has-post-thumbnail hentry category-dica\">\n\t\t\t\t<div class=\"elementor-post__text\">\n\t\t\t\t<h3 class=\"elementor-post__title\">\n\t\t\t<a href=\"https:\/\/fabiorabelo.com.br\/?p=271\" >\n\t\t\t\tRinite \u2013 O que \u00e9?\t\t\t<\/a>\n\t\t<\/h3>\n\t\t\t\t<\/div>\n\t\t\t\t<\/article>\n\t\t\t\t<article class=\"elementor-post elementor-grid-item post-226 post type-post status-publish format-standard has-post-thumbnail hentry category-dicas category-noticias category-saude tag-afeta-adultos tag-atletas tag-cirurgia tag-desempenho tag-esporte tag-estudos tag-informacao tag-noticias tag-paciente tag-qualidade-do-sono tag-sono\">\n\t\t\t\t<div class=\"elementor-post__text\">\n\t\t\t\t<h3 class=\"elementor-post__title\">\n\t\t\t<a href=\"https:\/\/fabiorabelo.com.br\/?p=226\" >\n\t\t\t\tSONO E ESPORTE &#8211; Quanto maior nossa exig\u00eancia por performance, melhor devemos dormir !\t\t\t<\/a>\n\t\t<\/h3>\n\t\t\t\t<\/div>\n\t\t\t\t<\/article>\n\t\t\t\t<\/div>\n\t\t\n\t\t\t\t\t\t<\/div>\n\t\t\t\t<\/div>\n\t\t\t\t<\/div>\n\t\t\t\t<\/div>\n\t\t\t\t\t<\/div>\n\t\t\t\t<\/div>\n\t\t\t\t<\/div>\n\t\t","protected":false},"excerpt":{"rendered":"<p>Determinados sintomas e doen\u00e7as necessitam de tratamento cir\u00fargico. Quando decidir<\/p>\n","protected":false},"author":1,"featured_media":0,"parent":0,"menu_order":0,"comment_status":"closed","ping_status":"closed","template":"elementor_header_footer","meta":{"footnotes":""},"class_list":["post-287","page","type-page","status-publish","hentry"],"_links":{"self":[{"href":"https:\/\/fabiorabelo.com.br\/index.php?rest_route=\/wp\/v2\/pages\/287","targetHints":{"allow":["GET"]}}],"collection":[{"href":"https:\/\/fabiorabelo.com.br\/index.php?rest_route=\/wp\/v2\/pages"}],"about":[{"href":"https:\/\/fabiorabelo.com.br\/index.php?rest_route=\/wp\/v2\/types\/page"}],"author":[{"embeddable":true,"href":"https:\/\/fabiorabelo.com.br\/index.php?rest_route=\/wp\/v2\/users\/1"}],"replies":[{"embeddable":true,"href":"https:\/\/fabiorabelo.com.br\/index.php?rest_route=%2Fwp%2Fv2%2Fcomments&post=287"}],"version-history":[{"count":7,"href":"https:\/\/fabiorabelo.com.br\/index.php?rest_route=\/wp\/v2\/pages\/287\/revisions"}],"predecessor-version":[{"id":372,"href":"https:\/\/fabiorabelo.com.br\/index.php?rest_route=\/wp\/v2\/pages\/287\/revisions\/372"}],"wp:attachment":[{"href":"https:\/\/fabiorabelo.com.br\/index.php?rest_route=%2Fwp%2Fv2%2Fmedia&parent=287"}],"curies":[{"name":"wp","href":"https:\/\/api.w.org\/{rel}","templated":true}]}}