{"id":288,"date":"2024-09-09T14:53:51","date_gmt":"2024-09-09T14:53:51","guid":{"rendered":"https:\/\/fabiorabelo.resultamarketing.com.br\/?page_id=288"},"modified":"2024-09-09T19:13:01","modified_gmt":"2024-09-09T19:13:01","slug":"dicas","status":"publish","type":"page","link":"https:\/\/fabiorabelo.com.br\/?page_id=288","title":{"rendered":"Dicas"},"content":{"rendered":"\t\t<div data-elementor-type=\"wp-page\" data-elementor-id=\"288\" class=\"elementor elementor-288\" data-elementor-post-type=\"page\">\n\t\t\t\t<div class=\"elementor-element elementor-element-c664a08 e-flex e-con-boxed e-con e-parent\" data-id=\"c664a08\" data-element_type=\"container\">\n\t\t\t\t\t<div class=\"e-con-inner\">\n\t\t<div class=\"elementor-element elementor-element-59db4c9 e-con-full e-flex e-con e-child\" data-id=\"59db4c9\" data-element_type=\"container\">\n\t\t\t\t<div class=\"elementor-element elementor-element-5b50f9d elementor-grid-1 elementor-grid-tablet-2 elementor-grid-mobile-1 elementor-posts--thumbnail-top elementor-widget elementor-widget-posts\" data-id=\"5b50f9d\" data-element_type=\"widget\" data-settings=\"{&quot;classic_columns&quot;:&quot;1&quot;,&quot;classic_columns_tablet&quot;:&quot;2&quot;,&quot;classic_columns_mobile&quot;:&quot;1&quot;,&quot;classic_row_gap&quot;:{&quot;unit&quot;:&quot;px&quot;,&quot;size&quot;:35,&quot;sizes&quot;:[]},&quot;classic_row_gap_tablet&quot;:{&quot;unit&quot;:&quot;px&quot;,&quot;size&quot;:&quot;&quot;,&quot;sizes&quot;:[]},&quot;classic_row_gap_mobile&quot;:{&quot;unit&quot;:&quot;px&quot;,&quot;size&quot;:&quot;&quot;,&quot;sizes&quot;:[]}}\" data-widget_type=\"posts.classic\">\n\t\t\t\t<div class=\"elementor-widget-container\">\n\t\t\t\t\t\t\t<div class=\"elementor-posts-container elementor-posts elementor-posts--skin-classic elementor-grid\">\n\t\t\t\t<article class=\"elementor-post elementor-grid-item post-279 post type-post status-publish format-standard has-post-thumbnail hentry category-dica\">\n\t\t\t\t<a class=\"elementor-post__thumbnail__link\" href=\"https:\/\/fabiorabelo.com.br\/?p=279\" tabindex=\"-1\" >\n\t\t\t<div class=\"elementor-post__thumbnail\"><img fetchpriority=\"high\" decoding=\"async\" width=\"845\" height=\"321\" src=\"https:\/\/fabiorabelo.com.br\/wp-content\/uploads\/2017\/02\/rinite-atleta.png\" class=\"attachment-full size-full wp-image-282\" alt=\"\" srcset=\"https:\/\/fabiorabelo.com.br\/wp-content\/uploads\/2017\/02\/rinite-atleta.png 845w, https:\/\/fabiorabelo.com.br\/wp-content\/uploads\/2017\/02\/rinite-atleta-300x114.png 300w, https:\/\/fabiorabelo.com.br\/wp-content\/uploads\/2017\/02\/rinite-atleta-768x292.png 768w\" sizes=\"(max-width: 845px) 100vw, 845px\" \/><\/div>\n\t\t<\/a>\n\t\t\t\t<div class=\"elementor-post__text\">\n\t\t\t\t<h3 class=\"elementor-post__title\">\n\t\t\t<a href=\"https:\/\/fabiorabelo.com.br\/?p=279\" >\n\t\t\t\tRinite do Atleta\t\t\t<\/a>\n\t\t<\/h3>\n\t\t\t\t<div class=\"elementor-post__excerpt\">\n\t\t\t<p>A pr\u00e1tica de atividade f\u00edsica aumenta a ventila\u00e7\u00e3o em at\u00e9<\/p>\n\t\t<\/div>\n\t\t\t\t\t<div class=\"elementor-post__read-more-wrapper\">\n\t\t\n\t\t<a class=\"elementor-post__read-more\" href=\"https:\/\/fabiorabelo.com.br\/?p=279\" aria-label=\"Read more about Rinite do Atleta\" tabindex=\"-1\" >\n\t\t\tLer mais\t\t<\/a>\n\n\t\t\t\t\t<\/div>\n\t\t\t\t<\/div>\n\t\t\t\t<\/article>\n\t\t\t\t<article class=\"elementor-post elementor-grid-item post-277 post type-post status-publish format-standard has-post-thumbnail hentry category-dica\">\n\t\t\t\t<a class=\"elementor-post__thumbnail__link\" href=\"https:\/\/fabiorabelo.com.br\/?p=277\" tabindex=\"-1\" >\n\t\t\t<div class=\"elementor-post__thumbnail\"><img decoding=\"async\" width=\"845\" height=\"321\" src=\"https:\/\/fabiorabelo.com.br\/wp-content\/uploads\/2017\/02\/prevencao-rinite-alergica.png\" class=\"attachment-full size-full wp-image-280\" alt=\"\" srcset=\"https:\/\/fabiorabelo.com.br\/wp-content\/uploads\/2017\/02\/prevencao-rinite-alergica.png 845w, https:\/\/fabiorabelo.com.br\/wp-content\/uploads\/2017\/02\/prevencao-rinite-alergica-300x114.png 300w, https:\/\/fabiorabelo.com.br\/wp-content\/uploads\/2017\/02\/prevencao-rinite-alergica-768x292.png 768w\" sizes=\"(max-width: 845px) 100vw, 845px\" \/><\/div>\n\t\t<\/a>\n\t\t\t\t<div class=\"elementor-post__text\">\n\t\t\t\t<h3 class=\"elementor-post__title\">\n\t\t\t<a href=\"https:\/\/fabiorabelo.com.br\/?p=277\" >\n\t\t\t\tRinite Al\u00e9rgica \u2013 Medidas de Preven\u00e7\u00e3o\t\t\t<\/a>\n\t\t<\/h3>\n\t\t\t\t<div class=\"elementor-post__excerpt\">\n\t\t\t<p>O principal agente desencadeante \u00e9 o \u00e1caro dom\u00e9stico, um ser<\/p>\n\t\t<\/div>\n\t\t\t\t\t<div class=\"elementor-post__read-more-wrapper\">\n\t\t\n\t\t<a class=\"elementor-post__read-more\" href=\"https:\/\/fabiorabelo.com.br\/?p=277\" aria-label=\"Read more about Rinite Al\u00e9rgica \u2013 Medidas de Preven\u00e7\u00e3o\" tabindex=\"-1\" >\n\t\t\tLer mais\t\t<\/a>\n\n\t\t\t\t\t<\/div>\n\t\t\t\t<\/div>\n\t\t\t\t<\/article>\n\t\t\t\t<article class=\"elementor-post elementor-grid-item post-274 post type-post status-publish format-standard has-post-thumbnail hentry category-dica\">\n\t\t\t\t<a class=\"elementor-post__thumbnail__link\" href=\"https:\/\/fabiorabelo.com.br\/?p=274\" tabindex=\"-1\" >\n\t\t\t<div class=\"elementor-post__thumbnail\"><img decoding=\"async\" width=\"845\" height=\"321\" src=\"https:\/\/fabiorabelo.com.br\/wp-content\/uploads\/2017\/02\/rinite-alergica.png\" class=\"attachment-full size-full wp-image-275\" alt=\"Rinite Al\u00e9rgica\" srcset=\"https:\/\/fabiorabelo.com.br\/wp-content\/uploads\/2017\/02\/rinite-alergica.png 845w, https:\/\/fabiorabelo.com.br\/wp-content\/uploads\/2017\/02\/rinite-alergica-300x114.png 300w, https:\/\/fabiorabelo.com.br\/wp-content\/uploads\/2017\/02\/rinite-alergica-768x292.png 768w\" sizes=\"(max-width: 845px) 100vw, 845px\" \/><\/div>\n\t\t<\/a>\n\t\t\t\t<div class=\"elementor-post__text\">\n\t\t\t\t<h3 class=\"elementor-post__title\">\n\t\t\t<a href=\"https:\/\/fabiorabelo.com.br\/?p=274\" >\n\t\t\t\tRinite Al\u00e9rgica\t\t\t<\/a>\n\t\t<\/h3>\n\t\t\t\t<div class=\"elementor-post__excerpt\">\n\t\t\t<p>\u00c9 uma doen\u00e7a muito comum caracterizada pela inflama\u00e7\u00e3o excessiva da<\/p>\n\t\t<\/div>\n\t\t\t\t\t<div class=\"elementor-post__read-more-wrapper\">\n\t\t\n\t\t<a class=\"elementor-post__read-more\" href=\"https:\/\/fabiorabelo.com.br\/?p=274\" aria-label=\"Read more about Rinite Al\u00e9rgica\" tabindex=\"-1\" >\n\t\t\tLer mais\t\t<\/a>\n\n\t\t\t\t\t<\/div>\n\t\t\t\t<\/div>\n\t\t\t\t<\/article>\n\t\t\t\t<article class=\"elementor-post elementor-grid-item post-271 post type-post status-publish format-standard has-post-thumbnail hentry category-dica\">\n\t\t\t\t<a class=\"elementor-post__thumbnail__link\" href=\"https:\/\/fabiorabelo.com.br\/?p=271\" tabindex=\"-1\" >\n\t\t\t<div class=\"elementor-post__thumbnail\"><img loading=\"lazy\" decoding=\"async\" width=\"845\" height=\"321\" src=\"https:\/\/fabiorabelo.com.br\/wp-content\/uploads\/2017\/02\/rinite-o-que-e.png\" class=\"attachment-full size-full wp-image-272\" alt=\"Rinite o que \u00e9\" srcset=\"https:\/\/fabiorabelo.com.br\/wp-content\/uploads\/2017\/02\/rinite-o-que-e.png 845w, https:\/\/fabiorabelo.com.br\/wp-content\/uploads\/2017\/02\/rinite-o-que-e-300x114.png 300w, https:\/\/fabiorabelo.com.br\/wp-content\/uploads\/2017\/02\/rinite-o-que-e-768x292.png 768w\" sizes=\"(max-width: 845px) 100vw, 845px\" \/><\/div>\n\t\t<\/a>\n\t\t\t\t<div class=\"elementor-post__text\">\n\t\t\t\t<h3 class=\"elementor-post__title\">\n\t\t\t<a href=\"https:\/\/fabiorabelo.com.br\/?p=271\" >\n\t\t\t\tRinite \u2013 O que \u00e9?\t\t\t<\/a>\n\t\t<\/h3>\n\t\t\t\t<div class=\"elementor-post__excerpt\">\n\t\t\t<p>A rinite \u00e9 uma doen\u00e7a muito comum e quem sofre<\/p>\n\t\t<\/div>\n\t\t\t\t\t<div class=\"elementor-post__read-more-wrapper\">\n\t\t\n\t\t<a class=\"elementor-post__read-more\" href=\"https:\/\/fabiorabelo.com.br\/?p=271\" aria-label=\"Read more about Rinite \u2013 O que \u00e9?\" tabindex=\"-1\" >\n\t\t\tLer mais\t\t<\/a>\n\n\t\t\t\t\t<\/div>\n\t\t\t\t<\/div>\n\t\t\t\t<\/article>\n\t\t\t\t<article class=\"elementor-post elementor-grid-item post-226 post type-post status-publish format-standard has-post-thumbnail hentry category-dicas category-noticias category-saude tag-afeta-adultos tag-atletas tag-cirurgia tag-desempenho tag-esporte tag-estudos tag-informacao tag-noticias tag-paciente tag-qualidade-do-sono tag-sono\">\n\t\t\t\t<a class=\"elementor-post__thumbnail__link\" href=\"https:\/\/fabiorabelo.com.br\/?p=226\" tabindex=\"-1\" >\n\t\t\t<div class=\"elementor-post__thumbnail\"><img loading=\"lazy\" decoding=\"async\" width=\"1700\" height=\"586\" src=\"https:\/\/fabiorabelo.com.br\/wp-content\/uploads\/2016\/05\/cara-dormino.png\" class=\"attachment-full size-full wp-image-227\" alt=\"\" srcset=\"https:\/\/fabiorabelo.com.br\/wp-content\/uploads\/2016\/05\/cara-dormino.png 1700w, https:\/\/fabiorabelo.com.br\/wp-content\/uploads\/2016\/05\/cara-dormino-300x103.png 300w, https:\/\/fabiorabelo.com.br\/wp-content\/uploads\/2016\/05\/cara-dormino-1024x353.png 1024w, https:\/\/fabiorabelo.com.br\/wp-content\/uploads\/2016\/05\/cara-dormino-768x265.png 768w, https:\/\/fabiorabelo.com.br\/wp-content\/uploads\/2016\/05\/cara-dormino-1536x529.png 1536w\" sizes=\"(max-width: 1700px) 100vw, 1700px\" \/><\/div>\n\t\t<\/a>\n\t\t\t\t<div class=\"elementor-post__text\">\n\t\t\t\t<h3 class=\"elementor-post__title\">\n\t\t\t<a href=\"https:\/\/fabiorabelo.com.br\/?p=226\" >\n\t\t\t\tSONO E ESPORTE &#8211; Quanto maior nossa exig\u00eancia por performance, melhor devemos dormir !\t\t\t<\/a>\n\t\t<\/h3>\n\t\t\t\t<div class=\"elementor-post__excerpt\">\n\t\t\t<p>Estudos comprovam que uma qualidade adequada de sono ajuda no<\/p>\n\t\t<\/div>\n\t\t\t\t\t<div class=\"elementor-post__read-more-wrapper\">\n\t\t\n\t\t<a class=\"elementor-post__read-more\" href=\"https:\/\/fabiorabelo.com.br\/?p=226\" aria-label=\"Read more about SONO E ESPORTE &#8211; Quanto maior nossa exig\u00eancia por performance, melhor devemos dormir !\" tabindex=\"-1\" >\n\t\t\tLer mais\t\t<\/a>\n\n\t\t\t\t\t<\/div>\n\t\t\t\t<\/div>\n\t\t\t\t<\/article>\n\t\t\t\t<article class=\"elementor-post elementor-grid-item post-141 post type-post status-publish format-standard hentry category-procedimento\">\n\t\t\t\t<div class=\"elementor-post__text\">\n\t\t\t\t<h3 class=\"elementor-post__title\">\n\t\t\t<a href=\"https:\/\/fabiorabelo.com.br\/?p=141\" >\n\t\t\t\tMicrocirurgia de Laringe\t\t\t<\/a>\n\t\t<\/h3>\n\t\t\t\t<div class=\"elementor-post__excerpt\">\n\t\t\t<p>A maioria dos problemas vocais s\u00e3o tratados clinicamente com fonoterapia,<\/p>\n\t\t<\/div>\n\t\t\t\t\t<div class=\"elementor-post__read-more-wrapper\">\n\t\t\n\t\t<a class=\"elementor-post__read-more\" href=\"https:\/\/fabiorabelo.com.br\/?p=141\" aria-label=\"Read more about Microcirurgia de Laringe\" tabindex=\"-1\" >\n\t\t\tLer mais\t\t<\/a>\n\n\t\t\t\t\t<\/div>\n\t\t\t\t<\/div>\n\t\t\t\t<\/article>\n\t\t\t\t<article class=\"elementor-post elementor-grid-item post-136 post type-post status-publish format-standard hentry category-procedimento\">\n\t\t\t\t<div class=\"elementor-post__text\">\n\t\t\t\t<h3 class=\"elementor-post__title\">\n\t\t\t<a href=\"https:\/\/fabiorabelo.com.br\/?p=136\" >\n\t\t\t\tUvulopalatofaringoplastia\t\t\t<\/a>\n\t\t<\/h3>\n\t\t\t\t<div class=\"elementor-post__excerpt\">\n\t\t\t<p>Pacientes portadores de roncos e apn\u00e9ia do sono apresentam alguma<\/p>\n\t\t<\/div>\n\t\t\t\t\t<div class=\"elementor-post__read-more-wrapper\">\n\t\t\n\t\t<a class=\"elementor-post__read-more\" href=\"https:\/\/fabiorabelo.com.br\/?p=136\" aria-label=\"Read more about Uvulopalatofaringoplastia\" tabindex=\"-1\" >\n\t\t\tLer mais\t\t<\/a>\n\n\t\t\t\t\t<\/div>\n\t\t\t\t<\/div>\n\t\t\t\t<\/article>\n\t\t\t\t<article class=\"elementor-post elementor-grid-item post-135 post type-post status-publish format-standard hentry category-procedimento\">\n\t\t\t\t<div class=\"elementor-post__text\">\n\t\t\t\t<h3 class=\"elementor-post__title\">\n\t\t\t<a href=\"https:\/\/fabiorabelo.com.br\/?p=135\" >\n\t\t\t\tTimpanotomia \/ Coloca\u00e7\u00e3o de tubo de ventila\u00e7\u00e3o\t\t\t<\/a>\n\t\t<\/h3>\n\t\t\t\t<div class=\"elementor-post__excerpt\">\n\t\t\t<p>Procedimento realizado em pacientes com otites recorrentes ou que apresentam<\/p>\n\t\t<\/div>\n\t\t\t\t\t<div class=\"elementor-post__read-more-wrapper\">\n\t\t\n\t\t<a class=\"elementor-post__read-more\" href=\"https:\/\/fabiorabelo.com.br\/?p=135\" aria-label=\"Read more about Timpanotomia \/ Coloca\u00e7\u00e3o de tubo de ventila\u00e7\u00e3o\" tabindex=\"-1\" >\n\t\t\tLer mais\t\t<\/a>\n\n\t\t\t\t\t<\/div>\n\t\t\t\t<\/div>\n\t\t\t\t<\/article>\n\t\t\t\t<article class=\"elementor-post elementor-grid-item post-133 post type-post status-publish format-standard hentry category-procedimento\">\n\t\t\t\t<div class=\"elementor-post__text\">\n\t\t\t\t<h3 class=\"elementor-post__title\">\n\t\t\t<a href=\"https:\/\/fabiorabelo.com.br\/?p=133\" >\n\t\t\t\tAdenoidectomia\t\t\t<\/a>\n\t\t<\/h3>\n\t\t\t\t<div class=\"elementor-post__excerpt\">\n\t\t\t<p>Quando a tonsila far\u00edngea (Aden\u00f3ide, erroneamente chamada de carne esponjosa)<\/p>\n\t\t<\/div>\n\t\t\t\t\t<div class=\"elementor-post__read-more-wrapper\">\n\t\t\n\t\t<a class=\"elementor-post__read-more\" href=\"https:\/\/fabiorabelo.com.br\/?p=133\" aria-label=\"Read more about Adenoidectomia\" tabindex=\"-1\" >\n\t\t\tLer mais\t\t<\/a>\n\n\t\t\t\t\t<\/div>\n\t\t\t\t<\/div>\n\t\t\t\t<\/article>\n\t\t\t\t<article class=\"elementor-post elementor-grid-item post-138 post type-post status-publish format-standard hentry category-procedimento\">\n\t\t\t\t<div class=\"elementor-post__text\">\n\t\t\t\t<h3 class=\"elementor-post__title\">\n\t\t\t<a href=\"https:\/\/fabiorabelo.com.br\/?p=138\" >\n\t\t\t\tAmigdalectomia \/ Retirada das Am\u00edgdalas\t\t\t<\/a>\n\t\t<\/h3>\n\t\t\t\t<div class=\"elementor-post__excerpt\">\n\t\t\t<p>Aumento das am\u00edgdalas: \u00a0As am\u00edgdalas palatinas s\u00e3o tecidos linf\u00f3ides que<\/p>\n\t\t<\/div>\n\t\t\t\t\t<div class=\"elementor-post__read-more-wrapper\">\n\t\t\n\t\t<a class=\"elementor-post__read-more\" href=\"https:\/\/fabiorabelo.com.br\/?p=138\" aria-label=\"Read more about Amigdalectomia \/ Retirada das Am\u00edgdalas\" tabindex=\"-1\" >\n\t\t\tLer mais\t\t<\/a>\n\n\t\t\t\t\t<\/div>\n\t\t\t\t<\/div>\n\t\t\t\t<\/article>\n\t\t\t\t<article class=\"elementor-post elementor-grid-item post-139 post type-post status-publish format-standard hentry category-procedimento\">\n\t\t\t\t<div class=\"elementor-post__text\">\n\t\t\t\t<h3 class=\"elementor-post__title\">\n\t\t\t<a href=\"https:\/\/fabiorabelo.com.br\/?p=139\" >\n\t\t\t\tOtoplastia \/ Orelha em Abano\t\t\t<\/a>\n\t\t<\/h3>\n\t\t\t\t<div class=\"elementor-post__excerpt\">\n\t\t\t<p>A orelha em abano ou orelhas proeminentes pode trazer desconforto<\/p>\n\t\t<\/div>\n\t\t\t\t\t<div class=\"elementor-post__read-more-wrapper\">\n\t\t\n\t\t<a class=\"elementor-post__read-more\" href=\"https:\/\/fabiorabelo.com.br\/?p=139\" aria-label=\"Read more about Otoplastia \/ Orelha em Abano\" tabindex=\"-1\" >\n\t\t\tLer mais\t\t<\/a>\n\n\t\t\t\t\t<\/div>\n\t\t\t\t<\/div>\n\t\t\t\t<\/article>\n\t\t\t\t<article class=\"elementor-post elementor-grid-item post-140 post type-post status-publish format-standard hentry category-procedimento\">\n\t\t\t\t<div class=\"elementor-post__text\">\n\t\t\t\t<h3 class=\"elementor-post__title\">\n\t\t\t<a href=\"https:\/\/fabiorabelo.com.br\/?p=140\" >\n\t\t\t\tRinoplastia Funcional\t\t\t<\/a>\n\t\t<\/h3>\n\t\t\t\t<div class=\"elementor-post__excerpt\">\n\t\t\t<p>Varia\u00e7\u00f5es das estruturas internas nasais podem estar associadas \u00e0 obstru\u00e7\u00e3o<\/p>\n\t\t<\/div>\n\t\t\t\t\t<div class=\"elementor-post__read-more-wrapper\">\n\t\t\n\t\t<a class=\"elementor-post__read-more\" href=\"https:\/\/fabiorabelo.com.br\/?p=140\" aria-label=\"Read more about Rinoplastia Funcional\" tabindex=\"-1\" >\n\t\t\tLer mais\t\t<\/a>\n\n\t\t\t\t\t<\/div>\n\t\t\t\t<\/div>\n\t\t\t\t<\/article>\n\t\t\t\t<article class=\"elementor-post elementor-grid-item post-137 post type-post status-publish format-standard hentry category-procedimento\">\n\t\t\t\t<div class=\"elementor-post__text\">\n\t\t\t\t<h3 class=\"elementor-post__title\">\n\t\t\t<a href=\"https:\/\/fabiorabelo.com.br\/?p=137\" >\n\t\t\t\tCirurgia Endosc\u00f3pica dos Seios Paranasais \/ Cirurgia para Sinusite\t\t\t<\/a>\n\t\t<\/h3>\n\t\t\t\t<div class=\"elementor-post__excerpt\">\n\t\t\t<p>Pacientes com sinusite (rinossinusite) podem apresentar sintomatologia variada, desde quadros<\/p>\n\t\t<\/div>\n\t\t\t\t\t<div class=\"elementor-post__read-more-wrapper\">\n\t\t\n\t\t<a class=\"elementor-post__read-more\" href=\"https:\/\/fabiorabelo.com.br\/?p=137\" aria-label=\"Read more about Cirurgia Endosc\u00f3pica dos Seios Paranasais \/ Cirurgia para Sinusite\" tabindex=\"-1\" >\n\t\t\tLer mais\t\t<\/a>\n\n\t\t\t\t\t<\/div>\n\t\t\t\t<\/div>\n\t\t\t\t<\/article>\n\t\t\t\t<article class=\"elementor-post elementor-grid-item post-134 post type-post status-publish format-standard hentry category-procedimento\">\n\t\t\t\t<div class=\"elementor-post__text\">\n\t\t\t\t<h3 class=\"elementor-post__title\">\n\t\t\t<a href=\"https:\/\/fabiorabelo.com.br\/?p=134\" >\n\t\t\t\tRedu\u00e7\u00e3o de Cornetos \/ Carne esponjosa \/ Turbinoplastia\t\t\t<\/a>\n\t\t<\/h3>\n\t\t\t\t<div class=\"elementor-post__excerpt\">\n\t\t\t<p>No paciente que apresenta obstru\u00e7\u00e3o nasal, independente da idade, \u00e9<\/p>\n\t\t<\/div>\n\t\t\t\t\t<div class=\"elementor-post__read-more-wrapper\">\n\t\t\n\t\t<a class=\"elementor-post__read-more\" href=\"https:\/\/fabiorabelo.com.br\/?p=134\" aria-label=\"Read more about Redu\u00e7\u00e3o de Cornetos \/ Carne esponjosa \/ Turbinoplastia\" tabindex=\"-1\" >\n\t\t\tLer mais\t\t<\/a>\n\n\t\t\t\t\t<\/div>\n\t\t\t\t<\/div>\n\t\t\t\t<\/article>\n\t\t\t\t<article class=\"elementor-post elementor-grid-item post-132 post type-post status-publish format-standard hentry category-procedimento\">\n\t\t\t\t<div class=\"elementor-post__text\">\n\t\t\t\t<h3 class=\"elementor-post__title\">\n\t\t\t<a href=\"https:\/\/fabiorabelo.com.br\/?p=132\" >\n\t\t\t\tSeptoplastia \/ Desvio de septo\t\t\t<\/a>\n\t\t<\/h3>\n\t\t\t\t<div class=\"elementor-post__excerpt\">\n\t\t\t<p>Desvios do septo nasal s\u00e3o altera\u00e7\u00f5es frequentemente encontradas, por\u00e9m somente<\/p>\n\t\t<\/div>\n\t\t\t\t\t<div class=\"elementor-post__read-more-wrapper\">\n\t\t\n\t\t<a class=\"elementor-post__read-more\" href=\"https:\/\/fabiorabelo.com.br\/?p=132\" aria-label=\"Read more about Septoplastia \/ Desvio de septo\" tabindex=\"-1\" >\n\t\t\tLer mais\t\t<\/a>\n\n\t\t\t\t\t<\/div>\n\t\t\t\t<\/div>\n\t\t\t\t<\/article>\n\t\t\t\t<\/div>\n\t\t\n\t\t\t\t\t\t<\/div>\n\t\t\t\t<\/div>\n\t\t\t\t<\/div>\n\t\t<div class=\"elementor-element elementor-element-3d39cd4 e-con-full e-flex e-con e-child\" data-id=\"3d39cd4\" data-element_type=\"container\">\n\t\t<div class=\"elementor-element elementor-element-88020de e-con-full e-flex e-con e-child\" data-id=\"88020de\" data-element_type=\"container\">\n\t\t\t\t<div class=\"elementor-element elementor-element-8f9966c elementor-widget elementor-widget-heading\" data-id=\"8f9966c\" data-element_type=\"widget\" data-widget_type=\"heading.default\">\n\t\t\t\t<div class=\"elementor-widget-container\">\n\t\t\t\t\t<h2 class=\"elementor-heading-title elementor-size-default\">DICAS RECENTES<\/h2>\t\t\t\t<\/div>\n\t\t\t\t<\/div>\n\t\t\t\t<div class=\"elementor-element elementor-element-bcb52d7 elementor-grid-1 elementor-posts--thumbnail-none elementor-grid-tablet-2 elementor-grid-mobile-1 elementor-widget elementor-widget-posts\" data-id=\"bcb52d7\" data-element_type=\"widget\" data-settings=\"{&quot;classic_columns&quot;:&quot;1&quot;,&quot;classic_row_gap&quot;:{&quot;unit&quot;:&quot;px&quot;,&quot;size&quot;:16,&quot;sizes&quot;:[]},&quot;classic_columns_tablet&quot;:&quot;2&quot;,&quot;classic_columns_mobile&quot;:&quot;1&quot;,&quot;classic_row_gap_tablet&quot;:{&quot;unit&quot;:&quot;px&quot;,&quot;size&quot;:&quot;&quot;,&quot;sizes&quot;:[]},&quot;classic_row_gap_mobile&quot;:{&quot;unit&quot;:&quot;px&quot;,&quot;size&quot;:&quot;&quot;,&quot;sizes&quot;:[]}}\" data-widget_type=\"posts.classic\">\n\t\t\t\t<div class=\"elementor-widget-container\">\n\t\t\t\t\t\t\t<div class=\"elementor-posts-container elementor-posts elementor-posts--skin-classic elementor-grid\">\n\t\t\t\t<article class=\"elementor-post elementor-grid-item post-279 post type-post status-publish format-standard has-post-thumbnail hentry category-dica\">\n\t\t\t\t<div class=\"elementor-post__text\">\n\t\t\t\t<h3 class=\"elementor-post__title\">\n\t\t\t<a href=\"https:\/\/fabiorabelo.com.br\/?p=279\" >\n\t\t\t\tRinite do Atleta\t\t\t<\/a>\n\t\t<\/h3>\n\t\t\t\t<\/div>\n\t\t\t\t<\/article>\n\t\t\t\t<article class=\"elementor-post elementor-grid-item post-277 post type-post status-publish format-standard has-post-thumbnail hentry category-dica\">\n\t\t\t\t<div class=\"elementor-post__text\">\n\t\t\t\t<h3 class=\"elementor-post__title\">\n\t\t\t<a href=\"https:\/\/fabiorabelo.com.br\/?p=277\" >\n\t\t\t\tRinite Al\u00e9rgica \u2013 Medidas de Preven\u00e7\u00e3o\t\t\t<\/a>\n\t\t<\/h3>\n\t\t\t\t<\/div>\n\t\t\t\t<\/article>\n\t\t\t\t<article class=\"elementor-post elementor-grid-item post-274 post type-post status-publish format-standard has-post-thumbnail hentry category-dica\">\n\t\t\t\t<div class=\"elementor-post__text\">\n\t\t\t\t<h3 class=\"elementor-post__title\">\n\t\t\t<a href=\"https:\/\/fabiorabelo.com.br\/?p=274\" >\n\t\t\t\tRinite Al\u00e9rgica\t\t\t<\/a>\n\t\t<\/h3>\n\t\t\t\t<\/div>\n\t\t\t\t<\/article>\n\t\t\t\t<article class=\"elementor-post elementor-grid-item post-271 post type-post status-publish format-standard has-post-thumbnail hentry category-dica\">\n\t\t\t\t<div class=\"elementor-post__text\">\n\t\t\t\t<h3 class=\"elementor-post__title\">\n\t\t\t<a href=\"https:\/\/fabiorabelo.com.br\/?p=271\" >\n\t\t\t\tRinite \u2013 O que \u00e9?\t\t\t<\/a>\n\t\t<\/h3>\n\t\t\t\t<\/div>\n\t\t\t\t<\/article>\n\t\t\t\t<article class=\"elementor-post elementor-grid-item post-226 post type-post status-publish format-standard has-post-thumbnail hentry category-dicas category-noticias category-saude tag-afeta-adultos tag-atletas tag-cirurgia tag-desempenho tag-esporte tag-estudos tag-informacao tag-noticias tag-paciente tag-qualidade-do-sono tag-sono\">\n\t\t\t\t<div class=\"elementor-post__text\">\n\t\t\t\t<h3 class=\"elementor-post__title\">\n\t\t\t<a href=\"https:\/\/fabiorabelo.com.br\/?p=226\" >\n\t\t\t\tSONO E ESPORTE &#8211; Quanto maior nossa exig\u00eancia por performance, melhor devemos dormir !\t\t\t<\/a>\n\t\t<\/h3>\n\t\t\t\t<\/div>\n\t\t\t\t<\/article>\n\t\t\t\t<\/div>\n\t\t\n\t\t\t\t\t\t<\/div>\n\t\t\t\t<\/div>\n\t\t\t\t<\/div>\n\t\t<div class=\"elementor-element elementor-element-3c1a9c9 e-con-full e-flex e-con e-child\" data-id=\"3c1a9c9\" data-element_type=\"container\">\n\t\t\t\t<div class=\"elementor-element elementor-element-f59639f elementor-widget elementor-widget-wp-widget-categories\" data-id=\"f59639f\" data-element_type=\"widget\" data-widget_type=\"wp-widget-categories.default\">\n\t\t\t\t<div class=\"elementor-widget-container\">\n\t\t\t\t\t<h5>Categorias<\/h5>\n\t\t\t<ul>\n\t\t\t\t\t<li class=\"cat-item cat-item-66\"><a href=\"https:\/\/fabiorabelo.com.br\/?cat=66\">Dica<\/a>\n<\/li>\n\t<li class=\"cat-item cat-item-4\"><a href=\"https:\/\/fabiorabelo.com.br\/?cat=4\">Dicas<\/a>\n<\/li>\n\t<li class=\"cat-item cat-item-52\"><a href=\"https:\/\/fabiorabelo.com.br\/?cat=52\">Not\u00edcias<\/a>\n<\/li>\n\t<li class=\"cat-item cat-item-35\"><a href=\"https:\/\/fabiorabelo.com.br\/?cat=35\">Novidades<\/a>\n<\/li>\n\t<li class=\"cat-item cat-item-43\"><a href=\"https:\/\/fabiorabelo.com.br\/?cat=43\">Procedimento<\/a>\n<\/li>\n\t<li class=\"cat-item cat-item-12\"><a href=\"https:\/\/fabiorabelo.com.br\/?cat=12\">Sa\u00fade<\/a>\n<\/li>\n\t\t\t<\/ul>\n\n\t\t\t\t\t\t\t<\/div>\n\t\t\t\t<\/div>\n\t\t\t\t<\/div>\n\t\t\t\t<\/div>\n\t\t\t\t\t<\/div>\n\t\t\t\t<\/div>\n\t\t\t\t<\/div>\n\t\t","protected":false},"excerpt":{"rendered":"<p>DICAS RECENTES<\/p>\n","protected":false},"author":1,"featured_media":0,"parent":0,"menu_order":0,"comment_status":"closed","ping_status":"closed","template":"","meta":{"footnotes":""},"class_list":["post-288","page","type-page","status-publish","hentry"],"_links":{"self":[{"href":"https:\/\/fabiorabelo.com.br\/index.php?rest_route=\/wp\/v2\/pages\/288","targetHints":{"allow":["GET"]}}],"collection":[{"href":"https:\/\/fabiorabelo.com.br\/index.php?rest_route=\/wp\/v2\/pages"}],"about":[{"href":"https:\/\/fabiorabelo.com.br\/index.php?rest_route=\/wp\/v2\/types\/page"}],"author":[{"embeddable":true,"href":"https:\/\/fabiorabelo.com.br\/index.php?rest_route=\/wp\/v2\/users\/1"}],"replies":[{"embeddable":true,"href":"https:\/\/fabiorabelo.com.br\/index.php?rest_route=%2Fwp%2Fv2%2Fcomments&post=288"}],"version-history":[{"count":13,"href":"https:\/\/fabiorabelo.com.br\/index.php?rest_route=\/wp\/v2\/pages\/288\/revisions"}],"predecessor-version":[{"id":352,"href":"https:\/\/fabiorabelo.com.br\/index.php?rest_route=\/wp\/v2\/pages\/288\/revisions\/352"}],"wp:attachment":[{"href":"https:\/\/fabiorabelo.com.br\/index.php?rest_route=%2Fwp%2Fv2%2Fmedia&parent=288"}],"curies":[{"name":"wp","href":"https:\/\/api.w.org\/{rel}","templated":true}]}}