{"id":289,"date":"2024-09-09T14:53:58","date_gmt":"2024-09-09T14:53:58","guid":{"rendered":"https:\/\/fabiorabelo.resultamarketing.com.br\/?page_id=289"},"modified":"2025-04-04T18:47:48","modified_gmt":"2025-04-04T18:47:48","slug":"contato","status":"publish","type":"page","link":"https:\/\/fabiorabelo.com.br\/?page_id=289","title":{"rendered":"Contato"},"content":{"rendered":"\t\t<div data-elementor-type=\"wp-page\" data-elementor-id=\"289\" class=\"elementor elementor-289\" data-elementor-post-type=\"page\">\n\t\t\t\t<div class=\"elementor-element elementor-element-c376afa e-flex e-con-boxed e-con e-parent\" data-id=\"c376afa\" data-element_type=\"container\">\n\t\t\t\t\t<div class=\"e-con-inner\">\n\t\t<div class=\"elementor-element elementor-element-7f74c52 e-con-full e-flex e-con e-child\" data-id=\"7f74c52\" data-element_type=\"container\">\n\t\t\t\t<div class=\"elementor-element elementor-element-5e7499c elementor-widget elementor-widget-heading\" data-id=\"5e7499c\" data-element_type=\"widget\" data-widget_type=\"heading.default\">\n\t\t\t\t<div class=\"elementor-widget-container\">\n\t\t\t\t\t<h2 class=\"elementor-heading-title elementor-size-default\">Consult\u00f3rio de S\u00e3o Paulo:\n<\/h2>\t\t\t\t<\/div>\n\t\t\t\t<\/div>\n\t\t\t\t<div class=\"elementor-element elementor-element-4e8232d elementor-widget elementor-widget-text-editor\" data-id=\"4e8232d\" data-element_type=\"widget\" data-widget_type=\"text-editor.default\">\n\t\t\t\t<div class=\"elementor-widget-container\">\n\t\t\t\t\t\t\t\t\t<p>Endere\u00e7o:<a title=\"Visualizar Mapa Ampliado\" href=\"https:\/\/www.google.com.br\/maps\/place\/R.+Conselheiro+Brotero,+1505+-+Santa+Cecilia,+S%C3%A3o+Paulo+-+SP\/@-23.5394059,-46.6634781,17z\/data=!3m1!4b1!4m5!3m4!1s0x94ce5822b70fe0f1:0x644144698622916e!8m2!3d-23.5394059!4d-46.6612894\" target=\"_blank\" rel=\"nofollow noopener\"><strong>Rua Conselheiro Brotero, 1505<\/strong>, Conj.72 &#8211; S\u00e3o Paulo<\/a><br \/>Telefones:<\/p><p><a title=\"Telefone Consult\u00f3rio de SP\" href=\"tel:1136632595\" rel=\"nofollow\">(11)\u00a0<\/a><strong><a title=\"Telefone Consult\u00f3rio de SP\" href=\"tel:1136632595\" rel=\"nofollow\">3663-2595<\/a><\/strong><\/p><p><a href=\"https:\/\/api.whatsapp.com\/send?phone=5511994961649&amp;text=\">(11) 99496-1649<\/a><\/p>\t\t\t\t\t\t\t\t<\/div>\n\t\t\t\t<\/div>\n\t\t\t\t<\/div>\n\t\t<div class=\"elementor-element elementor-element-7129da2 e-con-full e-flex e-con e-child\" data-id=\"7129da2\" data-element_type=\"container\">\n\t\t\t\t<div class=\"elementor-element elementor-element-72ad1a2 elementor-widget elementor-widget-heading\" data-id=\"72ad1a2\" data-element_type=\"widget\" data-widget_type=\"heading.default\">\n\t\t\t\t<div class=\"elementor-widget-container\">\n\t\t\t\t\t<h2 class=\"elementor-heading-title elementor-size-default\">Consult\u00f3rio do Guaruj\u00e1\n<\/h2>\t\t\t\t<\/div>\n\t\t\t\t<\/div>\n\t\t\t\t<div class=\"elementor-element elementor-element-d43cf9a elementor-widget elementor-widget-text-editor\" data-id=\"d43cf9a\" data-element_type=\"widget\" data-widget_type=\"text-editor.default\">\n\t\t\t\t<div class=\"elementor-widget-container\">\n\t\t\t\t\t\t\t\t\t<p>Endere\u00e7o:\u00a0 <a href=\"https:\/\/www.google.com\/maps\/place\/Av.+Dep.+Em%C3%ADlio+Carlos,+299+-+Vila+Maia,+Guaruj%C3%A1+-+SP,+11410-140\/data=!4m2!3m1!1s0x94d1fe2f29db11d9:0xd68fcc6acfe95ee7?sa=X&amp;ved=1t:242&amp;ictx=111\">Av. Dep. Em\u00edlio Carlos, 299 &#8211; Vila Maia<\/a><br \/>Telefones:<\/p><p>WhatsApp: <a href=\"http:\/\/wa.me\/13996491873\">(13) 99649-1873 <\/a><\/p><p>Telefone: <a href=\"tel:1333554231\">(13) 3355-4231<\/a> <img decoding=\"async\" src=\"https:\/\/fabiorabelo.com.br\/whatsapp.png\" alt=\"\" \/><\/p>\t\t\t\t\t\t\t\t<\/div>\n\t\t\t\t<\/div>\n\t\t\t\t<\/div>\n\t\t\t\t\t<\/div>\n\t\t\t\t<\/div>\n\t\t<div class=\"elementor-element elementor-element-1aad49d e-flex e-con-boxed e-con e-parent\" data-id=\"1aad49d\" data-element_type=\"container\">\n\t\t\t\t\t<div class=\"e-con-inner\">\n\t\t<div class=\"elementor-element elementor-element-c54af1f e-con-full e-flex e-con e-child\" data-id=\"c54af1f\" data-element_type=\"container\">\n\t\t\t\t<div class=\"elementor-element elementor-element-da580e0 elementor-widget elementor-widget-heading\" data-id=\"da580e0\" data-element_type=\"widget\" data-widget_type=\"heading.default\">\n\t\t\t\t<div class=\"elementor-widget-container\">\n\t\t\t\t\t<h2 class=\"elementor-heading-title elementor-size-default\">Consult\u00f3rio de Santos:\n<\/h2>\t\t\t\t<\/div>\n\t\t\t\t<\/div>\n\t\t\t\t<div class=\"elementor-element elementor-element-31d0085 elementor-widget elementor-widget-text-editor\" data-id=\"31d0085\" data-element_type=\"widget\" data-widget_type=\"text-editor.default\">\n\t\t\t\t<div class=\"elementor-widget-container\">\n\t\t\t\t\t\t\t\t\t<p>Endere\u00e7o:<a title=\"Visualizar Mapa Ampliado\" href=\"https:\/\/www.google.com.br\/maps\/place\/R.+Bar%C3%A3o+de+Paranapiacaba,+233+-+Encruzilhada,+Santos+-+SP\/@-23.9567565,-46.3315471,18z\/data=!4m5!3m4!1s0x94ce030ce9e123eb:0xc103bd2efe6c8efa!8m2!3d-23.9567565!4d-46.3304528\" target=\"_blank\" rel=\"nofollow noopener\"><strong>Rua Bar\u00e3o de Paranapiacaba, 233\u00a0<\/strong>,Conj. 1401 &#8211; Encruzilhada, Santos<\/a><br \/>Telefones:<\/p><p><a title=\"Telefone Consult\u00f3rio de SP\" href=\"tel:1330411405\" rel=\"nofollow\">(13)\u00a0<strong>3041-1405<\/strong><\/a><\/p><p><a href=\"https:\/\/api.whatsapp.com\/send?phone=5513991740652&amp;text=\">(13) 99174-0652<\/a><\/p>\t\t\t\t\t\t\t\t<\/div>\n\t\t\t\t<\/div>\n\t\t\t\t<\/div>\n\t\t<div class=\"elementor-element elementor-element-8d00b4c e-con-full e-flex e-con e-child\" data-id=\"8d00b4c\" data-element_type=\"container\">\n\t\t\t\t<\/div>\n\t\t\t\t\t<\/div>\n\t\t\t\t<\/div>\n\t\t<div class=\"elementor-element elementor-element-bb803a5 e-flex e-con-boxed e-con e-child\" data-id=\"bb803a5\" data-element_type=\"container\">\n\t\t\t\t\t<div class=\"e-con-inner\">\n\t\t\t\t<div class=\"elementor-element elementor-element-583efde elementor-button-align-stretch elementor-widget elementor-widget-form\" data-id=\"583efde\" data-element_type=\"widget\" data-settings=\"{&quot;button_width&quot;:&quot;50&quot;,&quot;step_next_label&quot;:&quot;Next&quot;,&quot;step_previous_label&quot;:&quot;Previous&quot;,&quot;step_type&quot;:&quot;number_text&quot;,&quot;step_icon_shape&quot;:&quot;circle&quot;}\" data-widget_type=\"form.default\">\n\t\t\t\t<div class=\"elementor-widget-container\">\n\t\t\t\t\t\t\t<form class=\"elementor-form\" method=\"post\" name=\"New Form\">\n\t\t\t<input type=\"hidden\" name=\"post_id\" value=\"289\"\/>\n\t\t\t<input type=\"hidden\" name=\"form_id\" value=\"583efde\"\/>\n\t\t\t<input type=\"hidden\" name=\"referer_title\" value=\"Contato\" \/>\n\n\t\t\t\t\t\t\t<input type=\"hidden\" name=\"queried_id\" value=\"289\"\/>\n\t\t\t\n\t\t\t<div class=\"elementor-form-fields-wrapper elementor-labels-above\">\n\t\t\t\t\t\t\t\t<div class=\"elementor-field-type-text elementor-field-group elementor-column elementor-field-group-name elementor-col-100 elementor-field-required\">\n\t\t\t\t\t\t\t\t\t\t\t\t<label for=\"form-field-name\" class=\"elementor-field-label\">\n\t\t\t\t\t\t\t\tNome\t\t\t\t\t\t\t<\/label>\n\t\t\t\t\t\t\t\t\t\t\t\t\t\t<input size=\"1\" type=\"text\" name=\"form_fields[name]\" id=\"form-field-name\" class=\"elementor-field elementor-size-sm  elementor-field-textual\" placeholder=\"Nome\" required=\"required\">\n\t\t\t\t\t\t\t\t\t\t\t<\/div>\n\t\t\t\t\t\t\t\t<div class=\"elementor-field-type-text elementor-field-group elementor-column elementor-field-group-field_0c4bea2 elementor-col-100 elementor-field-required\">\n\t\t\t\t\t\t\t\t\t\t\t\t<label for=\"form-field-field_0c4bea2\" class=\"elementor-field-label\">\n\t\t\t\t\t\t\t\tAssunto\t\t\t\t\t\t\t<\/label>\n\t\t\t\t\t\t\t\t\t\t\t\t\t\t<input size=\"1\" type=\"text\" name=\"form_fields[field_0c4bea2]\" id=\"form-field-field_0c4bea2\" class=\"elementor-field elementor-size-sm  elementor-field-textual\" placeholder=\"Assunto\" required=\"required\">\n\t\t\t\t\t\t\t\t\t\t\t<\/div>\n\t\t\t\t\t\t\t\t<div class=\"elementor-field-type-email elementor-field-group elementor-column elementor-field-group-email elementor-col-100 elementor-field-required\">\n\t\t\t\t\t\t\t\t\t\t\t\t<label for=\"form-field-email\" class=\"elementor-field-label\">\n\t\t\t\t\t\t\t\tEmail\t\t\t\t\t\t\t<\/label>\n\t\t\t\t\t\t\t\t\t\t\t\t\t\t<input size=\"1\" type=\"email\" name=\"form_fields[email]\" id=\"form-field-email\" class=\"elementor-field elementor-size-sm  elementor-field-textual\" placeholder=\"Email\" required=\"required\">\n\t\t\t\t\t\t\t\t\t\t\t<\/div>\n\t\t\t\t\t\t\t\t<div class=\"elementor-field-type-textarea elementor-field-group elementor-column elementor-field-group-message elementor-col-100\">\n\t\t\t\t\t\t\t\t\t\t\t\t<label for=\"form-field-message\" class=\"elementor-field-label\">\n\t\t\t\t\t\t\t\tMensagem\t\t\t\t\t\t\t<\/label>\n\t\t\t\t\t\t<textarea class=\"elementor-field-textual elementor-field  elementor-size-sm\" name=\"form_fields[message]\" id=\"form-field-message\" rows=\"4\" placeholder=\"Mensagem\"><\/textarea>\t\t\t\t<\/div>\n\t\t\t\t\t\t\t\t<div class=\"elementor-field-group elementor-column elementor-field-type-submit elementor-col-50 e-form__buttons\">\n\t\t\t\t\t<button class=\"elementor-button elementor-size-sm\" type=\"submit\">\n\t\t\t\t\t\t<span class=\"elementor-button-content-wrapper\">\n\t\t\t\t\t\t\t\t\t\t\t\t\t\t\t\t\t\t\t\t\t\t<span class=\"elementor-button-text\">Enviar<\/span>\n\t\t\t\t\t\t\t\t\t\t\t\t\t<\/span>\n\t\t\t\t\t<\/button>\n\t\t\t\t<\/div>\n\t\t\t<\/div>\n\t\t<\/form>\n\t\t\t\t\t\t<\/div>\n\t\t\t\t<\/div>\n\t\t\t\t\t<\/div>\n\t\t\t\t<\/div>\n\t\t\t\t<\/div>\n\t\t","protected":false},"excerpt":{"rendered":"<p>Consult\u00f3rio de S\u00e3o Paulo: Endere\u00e7o:Rua Conselheiro Brotero, 1505, Conj.72 &#8211; S\u00e3o PauloTelefones: (11)\u00a03663-2595 (11) 99496-1649 Consult\u00f3rio do Guaruj\u00e1 Endere\u00e7o:\u00a0 Av. Dep. Em\u00edlio Carlos, 299 &#8211; Vila MaiaTelefones: WhatsApp: (13) 99649-1873 Telefone: (13) 3355-4231 Consult\u00f3rio de Santos: Endere\u00e7o:Rua Bar\u00e3o de Paranapiacaba, 233\u00a0,Conj. 1401 &#8211; Encruzilhada, SantosTelefones: (13)\u00a03041-1405 (13) 99174-0652<\/p>\n","protected":false},"author":1,"featured_media":0,"parent":0,"menu_order":0,"comment_status":"closed","ping_status":"closed","template":"elementor_header_footer","meta":{"footnotes":""},"class_list":["post-289","page","type-page","status-publish","hentry"],"_links":{"self":[{"href":"https:\/\/fabiorabelo.com.br\/index.php?rest_route=\/wp\/v2\/pages\/289","targetHints":{"allow":["GET"]}}],"collection":[{"href":"https:\/\/fabiorabelo.com.br\/index.php?rest_route=\/wp\/v2\/pages"}],"about":[{"href":"https:\/\/fabiorabelo.com.br\/index.php?rest_route=\/wp\/v2\/types\/page"}],"author":[{"embeddable":true,"href":"https:\/\/fabiorabelo.com.br\/index.php?rest_route=\/wp\/v2\/users\/1"}],"replies":[{"embeddable":true,"href":"https:\/\/fabiorabelo.com.br\/index.php?rest_route=%2Fwp%2Fv2%2Fcomments&post=289"}],"version-history":[{"count":19,"href":"https:\/\/fabiorabelo.com.br\/index.php?rest_route=\/wp\/v2\/pages\/289\/revisions"}],"predecessor-version":[{"id":399,"href":"https:\/\/fabiorabelo.com.br\/index.php?rest_route=\/wp\/v2\/pages\/289\/revisions\/399"}],"wp:attachment":[{"href":"https:\/\/fabiorabelo.com.br\/index.php?rest_route=%2Fwp%2Fv2%2Fmedia&parent=289"}],"curies":[{"name":"wp","href":"https:\/\/api.w.org\/{rel}","templated":true}]}}